{"id":923,"date":"2026-03-09T15:41:36","date_gmt":"2026-03-09T14:41:36","guid":{"rendered":"http:\/\/www.safemenuiseries.fr\/?page_id=923"},"modified":"2026-03-09T15:42:42","modified_gmt":"2026-03-09T14:42:42","slug":"politique-de-confidentialite","status":"publish","type":"page","link":"https:\/\/www.safemenuiseries.fr\/index.php\/politique-de-confidentialite\/","title":{"rendered":"Confidentialit\u00e9 RGPD"},"content":{"rendered":"<h3 data-section-id=\"k198w7\" data-start=\"1243\" data-end=\"1273\">Politique de confidentialit\u00e9<\/h3>\n<p data-start=\"1275\" data-end=\"1423\">La soci\u00e9t\u00e9 <strong data-start=\"1286\" data-end=\"1351\">S.A.F.E \u2013 Solutions d\u2019Am\u00e9lioration des Fermetures Ext\u00e9rieures<\/strong> accorde une grande importance \u00e0 la protection des donn\u00e9es personnelles.<\/p>\n<p data-start=\"1425\" data-end=\"1562\">La pr\u00e9sente politique de confidentialit\u00e9 explique quelles donn\u00e9es sont collect\u00e9es, comment elles sont utilis\u00e9es et quels sont vos droits.<\/p>\n<hr data-start=\"1564\" data-end=\"1567\" \/>\n<h3 data-section-id=\"z8tp92\" data-start=\"1569\" data-end=\"1596\">Responsable du traitement<\/h3>\n<p data-start=\"1598\" data-end=\"1644\">Le responsable du traitement des donn\u00e9es est :<\/p>\n<p data-start=\"1646\" data-end=\"1772\"><strong data-start=\"1646\" data-end=\"1711\">S.A.F.E \u2013 Solutions d\u2019Am\u00e9lioration des Fermetures Ext\u00e9rieures<\/strong><br data-start=\"1711\" data-end=\"1714\" \/>1 bis rue Pierre et Marie Curie<br data-start=\"1745\" data-end=\"1748\" \/>92140 Clamart \u2013 France<\/p>\n<p data-start=\"1774\" data-end=\"1839\">T\u00e9l\u00e9phone : 01 84 19 31 00<br data-start=\"1800\" data-end=\"1803\" \/>Email : <a class=\"decorated-link cursor-pointer\" rel=\"noopener\" data-start=\"1811\" data-end=\"1837\">contact@safemenuiseries.fr<\/a><\/p>\n<p data-start=\"1841\" data-end=\"1887\">Responsable : <strong data-start=\"1855\" data-end=\"1887\">Christopher Grondin \u2013 G\u00e9rant<\/strong><\/p>\n<hr data-start=\"1889\" data-end=\"1892\" \/>\n<h3 data-section-id=\"eha92r\" data-start=\"1894\" data-end=\"1914\">Donn\u00e9es collect\u00e9es<\/h3>\n<p data-start=\"1916\" data-end=\"2001\">Dans le cadre de son activit\u00e9, la soci\u00e9t\u00e9 SAFE peut collecter les donn\u00e9es suivantes :<\/p>\n<ul data-start=\"2003\" data-end=\"2197\">\n<li data-section-id=\"my8ugi\" data-start=\"2003\" data-end=\"2020\">\n<p data-start=\"2005\" data-end=\"2020\">nom et pr\u00e9nom<\/p>\n<\/li>\n<li data-section-id=\"p94amr\" data-start=\"2021\" data-end=\"2038\">\n<p data-start=\"2023\" data-end=\"2038\">adresse email<\/p>\n<\/li>\n<li data-section-id=\"17v6zlb\" data-start=\"2039\" data-end=\"2062\">\n<p data-start=\"2041\" data-end=\"2062\">num\u00e9ro de t\u00e9l\u00e9phone<\/p>\n<\/li>\n<li data-section-id=\"g6l8vx\" data-start=\"2063\" data-end=\"2099\">\n<p data-start=\"2065\" data-end=\"2099\">adresse du projet ou du chantier<\/p>\n<\/li>\n<li data-section-id=\"1h3k67y\" data-start=\"2100\" data-end=\"2151\">\n<p data-start=\"2102\" data-end=\"2151\">informations concernant la demande ou le projet<\/p>\n<\/li>\n<li data-section-id=\"197022v\" data-start=\"2152\" data-end=\"2197\">\n<p data-start=\"2154\" data-end=\"2197\">message envoy\u00e9 via le formulaire de contact<\/p>\n<\/li>\n<\/ul>\n<p data-start=\"2199\" data-end=\"2252\">Ces donn\u00e9es sont collect\u00e9es uniquement lorsque vous :<\/p>\n<ul data-start=\"2254\" data-end=\"2375\">\n<li data-section-id=\"jo8gr6\" data-start=\"2254\" data-end=\"2293\">\n<p data-start=\"2256\" data-end=\"2293\">remplissez un formulaire de contact<\/p>\n<\/li>\n<li data-section-id=\"1f56w0b\" data-start=\"2294\" data-end=\"2314\">\n<p data-start=\"2296\" data-end=\"2314\">envoyez un email<\/p>\n<\/li>\n<li data-section-id=\"11rc368\" data-start=\"2315\" data-end=\"2355\">\n<p data-start=\"2317\" data-end=\"2355\">contactez l\u2019entreprise par t\u00e9l\u00e9phone<\/p>\n<\/li>\n<li data-section-id=\"ixzbxi\" data-start=\"2356\" data-end=\"2375\">\n<p data-start=\"2358\" data-end=\"2375\">demandez un devis<\/p>\n<\/li>\n<\/ul>\n<hr data-start=\"2377\" data-end=\"2380\" \/>\n<h3 data-section-id=\"1qev7m1\" data-start=\"2382\" data-end=\"2407\">Finalit\u00e9 de la collecte<\/h3>\n<p data-start=\"2409\" data-end=\"2467\">Les donn\u00e9es personnelles sont collect\u00e9es uniquement pour :<\/p>\n<ul data-start=\"2469\" data-end=\"2650\">\n<li data-section-id=\"d13qgd\" data-start=\"2469\" data-end=\"2505\">\n<p data-start=\"2471\" data-end=\"2505\">r\u00e9pondre aux demandes de contact<\/p>\n<\/li>\n<li data-section-id=\"1fteboe\" data-start=\"2506\" data-end=\"2527\">\n<p data-start=\"2508\" data-end=\"2527\">\u00e9tablir des devis<\/p>\n<\/li>\n<li data-section-id=\"dye3bw\" data-start=\"2528\" data-end=\"2559\">\n<p data-start=\"2530\" data-end=\"2559\">organiser les interventions<\/p>\n<\/li>\n<li data-section-id=\"590y49\" data-start=\"2560\" data-end=\"2587\">\n<p data-start=\"2562\" data-end=\"2587\">assurer le suivi client<\/p>\n<\/li>\n<li data-section-id=\"56ybfq\" data-start=\"2588\" data-end=\"2614\">\n<p data-start=\"2590\" data-end=\"2614\">\u00e9tablir la facturation<\/p>\n<\/li>\n<li data-section-id=\"o6gftn\" data-start=\"2615\" data-end=\"2650\">\n<p data-start=\"2617\" data-end=\"2650\">respecter les obligations l\u00e9gales<\/p>\n<\/li>\n<\/ul>\n<p data-start=\"2652\" data-end=\"2755\">SAFE n\u2019utilise pas les donn\u00e9es personnelles \u00e0 des fins de <strong data-start=\"2710\" data-end=\"2754\">prospection automatis\u00e9e ou de newsletter<\/strong>.<\/p>\n<hr data-start=\"2757\" data-end=\"2760\" \/>\n<h3 data-section-id=\"10b253u\" data-start=\"2762\" data-end=\"2779\">Outils utilis\u00e9s<\/h3>\n<p data-start=\"2781\" data-end=\"2840\">Les donn\u00e9es peuvent \u00eatre trait\u00e9es via les outils suivants :<\/p>\n<ul data-start=\"2842\" data-end=\"2997\">\n<li data-section-id=\"1ogiih0\" data-start=\"2842\" data-end=\"2880\">\n<p data-start=\"2844\" data-end=\"2880\">messagerie professionnelle <strong data-start=\"2871\" data-end=\"2878\">OVH<\/strong><\/p>\n<\/li>\n<li data-section-id=\"12nud9a\" data-start=\"2881\" data-end=\"2930\">\n<p data-start=\"2883\" data-end=\"2930\">logiciel de gestion <strong data-start=\"2903\" data-end=\"2928\">Lola by Solos Syst\u00e8me<\/strong><\/p>\n<\/li>\n<li data-section-id=\"oezlrh\" data-start=\"2931\" data-end=\"2958\">\n<p data-start=\"2933\" data-end=\"2958\">t\u00e9l\u00e9phone professionnel<\/p>\n<\/li>\n<li data-section-id=\"rm6qrw\" data-start=\"2959\" data-end=\"2997\">\n<p data-start=\"2961\" data-end=\"2997\">cabinet comptable <strong data-start=\"2979\" data-end=\"2997\">AMS Expertises<\/strong><\/p>\n<\/li>\n<\/ul>\n<p data-start=\"2999\" data-end=\"3093\">Ces prestataires peuvent traiter certaines donn\u00e9es uniquement dans le cadre de leurs missions.<\/p>\n<hr data-start=\"3095\" data-end=\"3098\" \/>\n<h3 data-section-id=\"1nce3fp\" data-start=\"3100\" data-end=\"3123\">Dur\u00e9e de conservation<\/h3>\n<p data-start=\"3125\" data-end=\"3207\">Les donn\u00e9es sont conserv\u00e9es pendant la dur\u00e9e n\u00e9cessaire \u00e0 la relation commerciale.<\/p>\n<p data-start=\"3209\" data-end=\"3229\">Dur\u00e9es principales :<\/p>\n<ul data-start=\"3231\" data-end=\"3345\">\n<li data-section-id=\"xtbee4\" data-start=\"3231\" data-end=\"3297\">\n<p data-start=\"3233\" data-end=\"3297\">donn\u00e9es prospects : <strong data-start=\"3253\" data-end=\"3295\">3 ans maximum apr\u00e8s le dernier contact<\/strong><\/p>\n<\/li>\n<li data-section-id=\"1olpt3z\" data-start=\"3298\" data-end=\"3345\">\n<p data-start=\"3300\" data-end=\"3345\">factures et documents comptables : <strong data-start=\"3335\" data-end=\"3345\">10 ans<\/strong><\/p>\n<\/li>\n<\/ul>\n<hr data-start=\"3347\" data-end=\"3350\" \/>\n<h3 data-section-id=\"bssv3e\" data-start=\"3352\" data-end=\"3374\">S\u00e9curit\u00e9 des donn\u00e9es<\/h3>\n<p data-start=\"3376\" data-end=\"3521\">La soci\u00e9t\u00e9 SAFE met en \u0153uvre les mesures n\u00e9cessaires pour prot\u00e9ger les donn\u00e9es personnelles contre tout acc\u00e8s non autoris\u00e9, perte ou divulgation.<\/p>\n<p data-start=\"3523\" data-end=\"3579\">L\u2019acc\u00e8s aux donn\u00e9es est limit\u00e9 aux personnes habilit\u00e9es.<\/p>\n<hr data-start=\"3581\" data-end=\"3584\" \/>\n<h3 data-section-id=\"zxduux\" data-start=\"3586\" data-end=\"3611\">Droits des utilisateurs<\/h3>\n<p data-start=\"3613\" data-end=\"3724\">Conform\u00e9ment au <strong data-start=\"3629\" data-end=\"3687\">R\u00e8glement G\u00e9n\u00e9ral sur la Protection des Donn\u00e9es (RGPD)<\/strong>, vous disposez des droits suivants :<\/p>\n<ul data-start=\"3726\" data-end=\"3856\">\n<li data-section-id=\"1v4i4nf\" data-start=\"3726\" data-end=\"3743\">\n<p data-start=\"3728\" data-end=\"3743\">droit d\u2019acc\u00e8s<\/p>\n<\/li>\n<li data-section-id=\"xanhyt\" data-start=\"3744\" data-end=\"3770\">\n<p data-start=\"3746\" data-end=\"3770\">droit de rectification<\/p>\n<\/li>\n<li data-section-id=\"mo2y6s\" data-start=\"3771\" data-end=\"3795\">\n<p data-start=\"3773\" data-end=\"3795\">droit de suppression<\/p>\n<\/li>\n<li data-section-id=\"wuv2l3\" data-start=\"3796\" data-end=\"3818\">\n<p data-start=\"3798\" data-end=\"3818\">droit d\u2019opposition<\/p>\n<\/li>\n<li data-section-id=\"1kayek5\" data-start=\"3819\" data-end=\"3856\">\n<p data-start=\"3821\" data-end=\"3856\">droit \u00e0 la limitation du traitement<\/p>\n<\/li>\n<\/ul>\n<p data-start=\"3858\" data-end=\"3883\">Pour exercer ces droits :<\/p>\n<p data-start=\"3885\" data-end=\"3911\"><a class=\"decorated-link cursor-pointer\" rel=\"noopener\" data-start=\"3885\" data-end=\"3911\">contact@safemenuiseries.fr<\/a><\/p>\n<hr data-start=\"3913\" data-end=\"3916\" \/>\n<h3 data-section-id=\"3o239f\" data-start=\"3918\" data-end=\"3931\">R\u00e9clamation<\/h3>\n<p data-start=\"3933\" data-end=\"4037\">Si vous estimez que vos droits ne sont pas respect\u00e9s, vous pouvez introduire une r\u00e9clamation aupr\u00e8s de :<\/p>\n<p data-start=\"4039\" data-end=\"4118\"><strong data-start=\"4039\" data-end=\"4104\">CNIL \u2013 Commission Nationale de l\u2019Informatique et des Libert\u00e9s<\/strong><br data-start=\"4104\" data-end=\"4107\" \/><a class=\"decorated-link cursor-pointer\" target=\"_new\" rel=\"noopener\" data-start=\"4107\" data-end=\"4118\">www.cnil.fr<\/a><\/p>\n","protected":false},"excerpt":{"rendered":"<p>Politique de confidentialit\u00e9 La soci\u00e9t\u00e9 S.A.F.E \u2013 Solutions d\u2019Am\u00e9lioration des Fermetures Ext\u00e9rieures accorde une grande importance \u00e0 la protection des<\/p>\n","protected":false},"author":1,"featured_media":0,"parent":0,"menu_order":0,"comment_status":"closed","ping_status":"closed","template":"","meta":[],"_links":{"self":[{"href":"https:\/\/www.safemenuiseries.fr\/index.php\/wp-json\/wp\/v2\/pages\/923"}],"collection":[{"href":"https:\/\/www.safemenuiseries.fr\/index.php\/wp-json\/wp\/v2\/pages"}],"about":[{"href":"https:\/\/www.safemenuiseries.fr\/index.php\/wp-json\/wp\/v2\/types\/page"}],"author":[{"embeddable":true,"href":"https:\/\/www.safemenuiseries.fr\/index.php\/wp-json\/wp\/v2\/users\/1"}],"replies":[{"embeddable":true,"href":"https:\/\/www.safemenuiseries.fr\/index.php\/wp-json\/wp\/v2\/comments?post=923"}],"version-history":[{"count":2,"href":"https:\/\/www.safemenuiseries.fr\/index.php\/wp-json\/wp\/v2\/pages\/923\/revisions"}],"predecessor-version":[{"id":926,"href":"https:\/\/www.safemenuiseries.fr\/index.php\/wp-json\/wp\/v2\/pages\/923\/revisions\/926"}],"wp:attachment":[{"href":"https:\/\/www.safemenuiseries.fr\/index.php\/wp-json\/wp\/v2\/media?parent=923"}],"curies":[{"name":"wp","href":"https:\/\/api.w.org\/{rel}","templated":true}]}}