{"id":186,"date":"2017-02-24T13:39:01","date_gmt":"2017-02-24T12:39:01","guid":{"rendered":"http:\/\/www.safemenuiseries.fr\/?page_id=186"},"modified":"2026-03-13T19:11:26","modified_gmt":"2026-03-13T18:11:26","slug":"fenetres-bois","status":"publish","type":"page","link":"https:\/\/www.safemenuiseries.fr\/index.php\/nos-produits\/fenetres\/fenetres-bois\/","title":{"rendered":"Fen\u00eatres BOIS"},"content":{"rendered":"\r\n<div class=\"wp-block-image\">\r\n<figure><\/figure>\r\n<figure class=\"aligncenter size-large is-resized\"><img decoding=\"async\" loading=\"lazy\" class=\"aligncenter wp-image-404 size-full\" src=\"http:\/\/www.safemenuiseries.fr\/wp-content\/uploads\/2020\/04\/BOIS-scaled.jpg\" alt=\"\" width=\"2560\" height=\"1948\" srcset=\"https:\/\/www.safemenuiseries.fr\/wp-content\/uploads\/2020\/04\/BOIS-scaled.jpg 2560w, https:\/\/www.safemenuiseries.fr\/wp-content\/uploads\/2020\/04\/BOIS-300x228.jpg 300w, https:\/\/www.safemenuiseries.fr\/wp-content\/uploads\/2020\/04\/BOIS-1024x779.jpg 1024w, https:\/\/www.safemenuiseries.fr\/wp-content\/uploads\/2020\/04\/BOIS-768x584.jpg 768w, https:\/\/www.safemenuiseries.fr\/wp-content\/uploads\/2020\/04\/BOIS-1536x1169.jpg 1536w, https:\/\/www.safemenuiseries.fr\/wp-content\/uploads\/2020\/04\/BOIS-2048x1558.jpg 2048w\" sizes=\"(max-width: 2560px) 100vw, 2560px\" \/><\/figure>\r\n<\/div>\r\n\r\n<p data-start=\"235\" data-end=\"497\">La fen\u00eatre bois reste une solution incontournable pour les projets de r\u00e9novation ou les b\u00e2timents de caract\u00e8re. Elle offre une <strong data-start=\"362\" data-end=\"388\">esth\u00e9tique authentique<\/strong>, d\u2019excellentes performances thermiques et la possibilit\u00e9 de reproduire fid\u00e8lement les menuiseries d\u2019origine.<\/p>\r\n<p data-start=\"499\" data-end=\"655\">Nous proposons des <strong data-start=\"541\" data-end=\"569\">fen\u00eatres bois sur mesure<\/strong>, adapt\u00e9es aussi bien aux logements contemporains qu\u2019aux b\u00e2timents anciens ou class\u00e9s.<\/p>\r\n<p data-start=\"657\" data-end=\"703\">Les menuiseries bois permettent de concilier :<\/p>\r\n<ul data-start=\"705\" data-end=\"842\">\r\n<li data-section-id=\"np6puo\" data-start=\"705\" data-end=\"731\">\r\n<p data-start=\"707\" data-end=\"731\">Charme et authenticit\u00e9<\/p>\r\n<\/li>\r\n<li data-section-id=\"mcasnh\" data-start=\"732\" data-end=\"767\">\r\n<p data-start=\"734\" data-end=\"767\">Isolation thermique performante<\/p>\r\n<\/li>\r\n<li data-section-id=\"1dbarm4\" data-start=\"768\" data-end=\"802\">\r\n<p data-start=\"770\" data-end=\"802\">Personnalisation des finitions<\/p>\r\n<\/li>\r\n<li data-section-id=\"4hjz0i\" data-start=\"803\" data-end=\"842\">\r\n<p data-start=\"805\" data-end=\"842\">Respect de l\u2019architecture existante<\/p>\r\n<\/li>\r\n<\/ul>\r\n<p>&nbsp;<\/p>\r\n<h3 style=\"text-align: center;\" data-section-id=\"1tqjh9j\" data-start=\"849\" data-end=\"876\">Performance et conception<\/h3>\r\n<p>&nbsp;<\/p>\r\n<p data-start=\"878\" data-end=\"1026\">Les fen\u00eatres bois modernes b\u00e9n\u00e9ficient aujourd\u2019hui de technologies avanc\u00e9es permettant d\u2019atteindre un excellent niveau d\u2019isolation et de durabilit\u00e9.<\/p>\r\n<p data-start=\"1028\" data-end=\"1070\">Nos menuiseries bois disposent notamment :<\/p>\r\n<ul data-start=\"1072\" data-end=\"1374\">\r\n<li data-section-id=\"1n8umdv\" data-start=\"1072\" data-end=\"1178\">\r\n<p data-start=\"1074\" data-end=\"1178\">D\u2019un <strong data-start=\"1079\" data-end=\"1106\">double vitrage de 28 mm<\/strong> permettant d\u2019obtenir de bonnes performances thermiques et acoustiques<\/p>\r\n<\/li>\r\n<li data-section-id=\"m96e1n\" data-start=\"1179\" data-end=\"1240\">\r\n<p data-start=\"1181\" data-end=\"1240\">D\u2019un <strong data-start=\"1186\" data-end=\"1215\">double joint d\u2019\u00e9tanch\u00e9it\u00e9<\/strong> sur ouvrant et dormant<\/p>\r\n<\/li>\r\n<li data-section-id=\"1eoh8wz\" data-start=\"1241\" data-end=\"1374\">\r\n<p data-start=\"1243\" data-end=\"1374\">D\u2019une performance thermique pouvant atteindre <strong data-start=\"1289\" data-end=\"1314\">Uw jusqu\u2019\u00e0 1,3 W\/m\u00b2.K<\/strong> selon configuration\u00a0<\/p>\r\n<\/li>\r\n<\/ul>\r\n<p data-start=\"1376\" data-end=\"1496\">Les profils sont con\u00e7us pour offrir une excellente r\u00e9sistance dans le temps tout en conservant l\u2019aspect naturel du bois.<\/p>\r\n<p data-start=\"1376\" data-end=\"1496\">\u00a0<\/p>\r\n<h3 style=\"text-align: center;\" data-section-id=\"7wdsff\" data-start=\"1503\" data-end=\"1521\">Essences de bois<\/h3>\r\n<p>&nbsp;<\/p>\r\n<p data-start=\"1523\" data-end=\"1634\">Les fen\u00eatres bois sont disponibles dans diff\u00e9rentes essences soigneusement s\u00e9lectionn\u00e9es pour leur durabilit\u00e9 :<\/p>\r\n<ul data-start=\"1636\" data-end=\"1803\">\r\n<li data-section-id=\"1wjuz5p\" data-start=\"1636\" data-end=\"1663\">\r\n<p data-start=\"1638\" data-end=\"1663\"><strong data-start=\"1638\" data-end=\"1661\">Ch\u00eane certifi\u00e9 PEFC<\/strong><\/p>\r\n<\/li>\r\n<li data-section-id=\"m30c5y\" data-start=\"1664\" data-end=\"1684\">\r\n<p data-start=\"1666\" data-end=\"1684\"><strong data-start=\"1666\" data-end=\"1682\">Movingui FSC<\/strong><\/p>\r\n<\/li>\r\n<li data-section-id=\"1ll2jkv\" data-start=\"1685\" data-end=\"1719\">\r\n<p data-start=\"1687\" data-end=\"1719\"><strong data-start=\"1687\" data-end=\"1717\">Bois exotique rouge (Sipo)<\/strong><\/p>\r\n<\/li>\r\n<li data-section-id=\"19f3neu\" data-start=\"1720\" data-end=\"1803\">\r\n<p data-start=\"1722\" data-end=\"1803\"><strong data-start=\"1722\" data-end=\"1743\">Sapelli ou Kosipo<\/strong> selon les finitions<\/p>\r\n<\/li>\r\n<\/ul>\r\n<p data-start=\"1805\" data-end=\"1914\">Ces essences permettent de s\u2019adapter \u00e0 diff\u00e9rents styles architecturaux et \u00e0 diff\u00e9rents niveaux d\u2019exposition.<\/p>\r\n<p data-start=\"1805\" data-end=\"1914\">\u00a0<\/p>\r\n<h3 style=\"text-align: center;\" data-section-id=\"154175g\" data-start=\"1921\" data-end=\"1944\">Finitions et couleurs<\/h3>\r\n<p>&nbsp;<\/p>\r\n<p data-start=\"1946\" data-end=\"2030\">Les fen\u00eatres bois peuvent \u00eatre personnalis\u00e9es gr\u00e2ce \u00e0 plusieurs types de finitions :<\/p>\r\n<ul data-start=\"2032\" data-end=\"2226\">\r\n<li data-section-id=\"tgcbov\" data-start=\"2032\" data-end=\"2103\">\r\n<p data-start=\"2034\" data-end=\"2103\"><strong data-start=\"2034\" data-end=\"2054\">Lasure 3 couches<\/strong> laissant appara\u00eetre le veinage naturel du bois<\/p>\r\n<\/li>\r\n<li data-section-id=\"8ngybq\" data-start=\"2104\" data-end=\"2170\">\r\n<p data-start=\"2106\" data-end=\"2170\"><strong data-start=\"2106\" data-end=\"2135\">Laquage couleur 3 couches<\/strong> pour une finition opaque durable<\/p>\r\n<\/li>\r\n<li data-section-id=\"w244tu\" data-start=\"2171\" data-end=\"2226\">\r\n<p data-start=\"2173\" data-end=\"2226\">Possibilit\u00e9 de <strong data-start=\"2188\" data-end=\"2226\">bicoloration int\u00e9rieur \/ ext\u00e9rieur<\/strong><\/p>\r\n<\/li>\r\n<\/ul>\r\n<p data-start=\"2228\" data-end=\"2398\">De nombreuses teintes sont disponibles afin d\u2019int\u00e9grer parfaitement la menuiserie \u00e0 votre fa\u00e7ade et \u00e0 votre d\u00e9coration int\u00e9rieure.\u00a0<\/p>\r\n<h3 data-section-id=\"bpu9n9\" data-start=\"2405\" data-end=\"2430\">\u00a0<\/h3>\r\n<h3 style=\"text-align: center;\" data-section-id=\"bpu9n9\" data-start=\"2405\" data-end=\"2430\">Styles et architectures<\/h3>\r\n<p>&nbsp;<\/p>\r\n<p data-start=\"2432\" data-end=\"2509\">Les fen\u00eatres bois permettent de reproduire diff\u00e9rents styles architecturaux :<\/p>\r\n<ul data-start=\"2511\" data-end=\"2673\">\r\n<li data-section-id=\"1xk6bvg\" data-start=\"2511\" data-end=\"2538\">\r\n<p data-start=\"2513\" data-end=\"2538\">Fen\u00eatres contemporaines<\/p>\r\n<\/li>\r\n<li data-section-id=\"kf73h9\" data-start=\"2539\" data-end=\"2583\">\r\n<p data-start=\"2541\" data-end=\"2583\">Fen\u00eatres traditionnelles pour r\u00e9novation<\/p>\r\n<\/li>\r\n<li data-section-id=\"hhnn2p\" data-start=\"2584\" data-end=\"2633\">\r\n<p data-start=\"2586\" data-end=\"2633\">Fen\u00eatres adapt\u00e9es aux b\u00e2timents haussmanniens<\/p>\r\n<\/li>\r\n<li data-section-id=\"yk8x62\" data-start=\"2634\" data-end=\"2673\">\r\n<p data-start=\"2636\" data-end=\"2673\">Reproduction de menuiseries anciennes<\/p>\r\n<\/li>\r\n<\/ul>\r\n<p data-start=\"2675\" data-end=\"2876\">Certaines gammes permettent \u00e9galement l\u2019int\u00e9gration de <strong data-start=\"2730\" data-end=\"2797\">cr\u00e9mones d\u00e9coratives, espagnolettes ou ferrures traditionnelles<\/strong> pour respecter l\u2019esth\u00e9tique d\u2019origine.<\/p>\r\n<p>&nbsp;<\/p>\r\n<h3 style=\"text-align: center;\" data-section-id=\"1dp4ac8\" data-start=\"885\" data-end=\"916\">Fen\u00eatres bois \u00e0 recouvrement<\/h3>\r\n<p>&nbsp;<\/p>\r\n<p data-start=\"918\" data-end=\"1008\">La fen\u00eatre bois \u00e0 recouvrement est aujourd\u2019hui la solution la plus courante en r\u00e9novation.<\/p>\r\n<p data-start=\"1010\" data-end=\"1022\">Elle offre :<\/p>\r\n<ul data-start=\"1024\" data-end=\"1175\">\r\n<li data-section-id=\"1700nrc\" data-start=\"1024\" data-end=\"1059\">\r\n<p data-start=\"1026\" data-end=\"1059\">Une bonne performance thermique<\/p>\r\n<\/li>\r\n<li data-section-id=\"qkxhke\" data-start=\"1060\" data-end=\"1096\">\r\n<p data-start=\"1062\" data-end=\"1096\">Un excellent niveau d\u2019\u00e9tanch\u00e9it\u00e9<\/p>\r\n<\/li>\r\n<li data-section-id=\"1jqk6a2\" data-start=\"1097\" data-end=\"1175\">\r\n<p data-start=\"1099\" data-end=\"1175\">Une esth\u00e9tique sobre adapt\u00e9e aux int\u00e9rieurs contemporains comme classiques<\/p>\r\n<\/li>\r\n<\/ul>\r\n<p data-start=\"1177\" data-end=\"1282\">Cette conception permet une <strong data-start=\"1205\" data-end=\"1243\">menuiserie discr\u00e8te et performante<\/strong>, adapt\u00e9e \u00e0 la plupart des habitations.<\/p>\r\n<p data-start=\"1177\" data-end=\"1282\">\u00a0<\/p>\r\n<p data-start=\"1177\" data-end=\"1282\">\u00a0<\/p>\r\n<h3 style=\"text-align: center;\" data-section-id=\"9rtd2l\" data-start=\"1289\" data-end=\"1331\">Fen\u00eatres bois traditionnelles moulur\u00e9es<\/h3>\r\n<p>&nbsp;<\/p>\r\n<p data-start=\"1333\" data-end=\"1479\">Pour les projets de r\u00e9novation traditionnelle, il est possible d\u2019opter pour des profils moulur\u00e9s rappelant l\u2019esth\u00e9tique des menuiseries anciennes.<\/p>\r\n<p data-start=\"1481\" data-end=\"1515\">Ces fen\u00eatres disposent notamment :<\/p>\r\n<ul data-start=\"1517\" data-end=\"1741\">\r\n<li data-section-id=\"1kfjsra\" data-start=\"1517\" data-end=\"1554\">\r\n<p data-start=\"1519\" data-end=\"1554\">D\u2019un <strong data-start=\"1524\" data-end=\"1552\">profil moulur\u00e9 int\u00e9rieur<\/strong><\/p>\r\n<\/li>\r\n<li data-section-id=\"1jz5kkw\" data-start=\"1555\" data-end=\"1600\">\r\n<p data-start=\"1557\" data-end=\"1600\">D\u2019un <strong data-start=\"1562\" data-end=\"1598\">aspect solin de mastic ext\u00e9rieur<\/strong><\/p>\r\n<\/li>\r\n<li data-section-id=\"992wbq\" data-start=\"1601\" data-end=\"1741\">\r\n<p data-start=\"1603\" data-end=\"1741\">D\u2019un vitrage performant de <strong data-start=\"1630\" data-end=\"1639\">28 mm<\/strong> permettant d\u2019atteindre d\u2019excellentes performances thermiques.\u00a0<\/p>\r\n<\/li>\r\n<\/ul>\r\n<p data-start=\"1743\" data-end=\"1844\">Ce type de fen\u00eatre est particuli\u00e8rement adapt\u00e9 aux maisons anciennes ou aux r\u00e9novations de caract\u00e8re.<\/p>\r\n<p data-start=\"1743\" data-end=\"1844\">\u00a0<\/p>\r\n<p data-start=\"1743\" data-end=\"1844\">\u00a0<\/p>\r\n<h3 style=\"text-align: center;\" data-section-id=\"rwwhwq\" data-start=\"1851\" data-end=\"1896\">Fen\u00eatres bois \u00ab mouton et gueule de loup \u00bb<\/h3>\r\n<p>&nbsp;<\/p>\r\n<p data-start=\"1898\" data-end=\"1992\">Les fen\u00eatres bois <strong data-start=\"1916\" data-end=\"1944\">mouton et gueule de loup<\/strong> sont typiques de l\u2019architecture haussmannienne.<\/p>\r\n<p data-start=\"1994\" data-end=\"2092\">Elles permettent de reproduire fid\u00e8lement les menuiseries d\u2019origine dans les appartements anciens.<\/p>\r\n<p data-start=\"2094\" data-end=\"2119\">Ces menuiseries offrent :<\/p>\r\n<ul data-start=\"2121\" data-end=\"2361\">\r\n<li data-section-id=\"jj6bcv\" data-start=\"2121\" data-end=\"2165\">\r\n<p data-start=\"2123\" data-end=\"2165\">Un <strong data-start=\"2126\" data-end=\"2163\">battement central caract\u00e9ristique<\/strong><\/p>\r\n<\/li>\r\n<li data-section-id=\"1swyiyb\" data-start=\"2166\" data-end=\"2215\">\r\n<p data-start=\"2168\" data-end=\"2215\">Des <strong data-start=\"2172\" data-end=\"2213\">cr\u00e9mones d\u00e9coratives ou espagnolettes<\/strong><\/p>\r\n<\/li>\r\n<li data-section-id=\"2d7wgy\" data-start=\"2216\" data-end=\"2361\">\r\n<p data-start=\"2218\" data-end=\"2361\">Une esth\u00e9tique conforme aux exigences des b\u00e2timents anciens ou des Architectes des B\u00e2timents de France.<\/p>\r\n<\/li>\r\n<\/ul>\r\n<p>&nbsp;<\/p>\r\n<p style=\"text-align: center;\"><strong><a href=\"http:\/\/www.safemenuiseries.fr\/index.php\/nous-contacter\/\">DEMANDER UN DEVIS GRATUIT<\/a><\/strong><\/p>","protected":false},"excerpt":{"rendered":"<p>La fen\u00eatre bois reste une solution incontournable pour les projets de r\u00e9novation ou les b\u00e2timents de caract\u00e8re. Elle offre une<\/p>\n","protected":false},"author":1,"featured_media":0,"parent":158,"menu_order":3,"comment_status":"closed","ping_status":"closed","template":"","meta":[],"_links":{"self":[{"href":"https:\/\/www.safemenuiseries.fr\/index.php\/wp-json\/wp\/v2\/pages\/186"}],"collection":[{"href":"https:\/\/www.safemenuiseries.fr\/index.php\/wp-json\/wp\/v2\/pages"}],"about":[{"href":"https:\/\/www.safemenuiseries.fr\/index.php\/wp-json\/wp\/v2\/types\/page"}],"author":[{"embeddable":true,"href":"https:\/\/www.safemenuiseries.fr\/index.php\/wp-json\/wp\/v2\/users\/1"}],"replies":[{"embeddable":true,"href":"https:\/\/www.safemenuiseries.fr\/index.php\/wp-json\/wp\/v2\/comments?post=186"}],"version-history":[{"count":22,"href":"https:\/\/www.safemenuiseries.fr\/index.php\/wp-json\/wp\/v2\/pages\/186\/revisions"}],"predecessor-version":[{"id":965,"href":"https:\/\/www.safemenuiseries.fr\/index.php\/wp-json\/wp\/v2\/pages\/186\/revisions\/965"}],"up":[{"embeddable":true,"href":"https:\/\/www.safemenuiseries.fr\/index.php\/wp-json\/wp\/v2\/pages\/158"}],"wp:attachment":[{"href":"https:\/\/www.safemenuiseries.fr\/index.php\/wp-json\/wp\/v2\/media?parent=186"}],"curies":[{"name":"wp","href":"https:\/\/api.w.org\/{rel}","templated":true}]}}