{"id":164,"date":"2017-02-24T13:19:43","date_gmt":"2017-02-24T12:19:43","guid":{"rendered":"http:\/\/www.safemenuiseries.fr\/?page_id=164"},"modified":"2026-03-09T12:23:00","modified_gmt":"2026-03-09T11:23:00","slug":"portes-et-portails","status":"publish","type":"page","link":"https:\/\/www.safemenuiseries.fr\/index.php\/nos-produits\/portes-et-portails\/","title":{"rendered":"Portes"},"content":{"rendered":"<p><img decoding=\"async\" loading=\"lazy\" class=\"alignnone wp-image-635 size-full\" src=\"http:\/\/www.safemenuiseries.fr\/wp-content\/uploads\/2020\/04\/IMG_5440-scaled.jpg\" alt=\"\" width=\"2560\" height=\"1920\" srcset=\"https:\/\/www.safemenuiseries.fr\/wp-content\/uploads\/2020\/04\/IMG_5440-scaled.jpg 2560w, https:\/\/www.safemenuiseries.fr\/wp-content\/uploads\/2020\/04\/IMG_5440-300x225.jpg 300w, https:\/\/www.safemenuiseries.fr\/wp-content\/uploads\/2020\/04\/IMG_5440-1024x768.jpg 1024w, https:\/\/www.safemenuiseries.fr\/wp-content\/uploads\/2020\/04\/IMG_5440-768x576.jpg 768w, https:\/\/www.safemenuiseries.fr\/wp-content\/uploads\/2020\/04\/IMG_5440-1536x1152.jpg 1536w, https:\/\/www.safemenuiseries.fr\/wp-content\/uploads\/2020\/04\/IMG_5440-2048x1536.jpg 2048w\" sizes=\"(max-width: 2560px) 100vw, 2560px\" \/><\/p>\n<p style=\"text-align: justify;\">La porte d\u2019entr\u00e9e d\u2019une maison ou d\u2019un immeuble est une <strong>introduction<\/strong> \u00e0 votre habitation et sera souvent le premier \u00e9l\u00e9ment que verront passants et convives.<\/p>\n<p style=\"text-align: justify;\">Elle doit donc r\u00e9pondre \u00e0 des crit\u00e8res <strong>esth\u00e9tiques<\/strong> mais aussi assurer <strong>s\u00e9curit\u00e9<\/strong> et <strong>isolation phonique<\/strong> comme thermique.<\/p>\n<p style=\"text-align: justify;\">En PVC, ALU, BOIS ou Mixte, elle est <strong>personnalisable \u00e0 souhait.<\/strong><\/p>\n<p style=\"text-align: justify;\">Pour chaque mat\u00e9riau, nous avons s\u00e9lectionn\u00e9 un assembleur bas\u00e9 en France.<\/p>\n<p>&nbsp;<\/p>\n<p style=\"text-align: center;\"><strong><a href=\"http:\/\/www.safemenuiseries.fr\/index.php\/nous-contacter\/\">DEMANDER UN DEVIS GRATUIT<\/a><\/strong><\/p>\n","protected":false},"excerpt":{"rendered":"<p>La porte d\u2019entr\u00e9e d\u2019une maison ou d\u2019un immeuble est une introduction \u00e0 votre habitation et sera souvent le premier \u00e9l\u00e9ment<\/p>\n","protected":false},"author":1,"featured_media":0,"parent":145,"menu_order":4,"comment_status":"closed","ping_status":"closed","template":"","meta":[],"_links":{"self":[{"href":"https:\/\/www.safemenuiseries.fr\/index.php\/wp-json\/wp\/v2\/pages\/164"}],"collection":[{"href":"https:\/\/www.safemenuiseries.fr\/index.php\/wp-json\/wp\/v2\/pages"}],"about":[{"href":"https:\/\/www.safemenuiseries.fr\/index.php\/wp-json\/wp\/v2\/types\/page"}],"author":[{"embeddable":true,"href":"https:\/\/www.safemenuiseries.fr\/index.php\/wp-json\/wp\/v2\/users\/1"}],"replies":[{"embeddable":true,"href":"https:\/\/www.safemenuiseries.fr\/index.php\/wp-json\/wp\/v2\/comments?post=164"}],"version-history":[{"count":14,"href":"https:\/\/www.safemenuiseries.fr\/index.php\/wp-json\/wp\/v2\/pages\/164\/revisions"}],"predecessor-version":[{"id":885,"href":"https:\/\/www.safemenuiseries.fr\/index.php\/wp-json\/wp\/v2\/pages\/164\/revisions\/885"}],"up":[{"embeddable":true,"href":"https:\/\/www.safemenuiseries.fr\/index.php\/wp-json\/wp\/v2\/pages\/145"}],"wp:attachment":[{"href":"https:\/\/www.safemenuiseries.fr\/index.php\/wp-json\/wp\/v2\/media?parent=164"}],"curies":[{"name":"wp","href":"https:\/\/api.w.org\/{rel}","templated":true}]}}