{"id":160,"date":"2017-02-24T13:18:12","date_gmt":"2017-02-24T12:18:12","guid":{"rendered":"http:\/\/www.safemenuiseries.fr\/?page_id=160"},"modified":"2026-03-09T12:25:05","modified_gmt":"2026-03-09T11:25:05","slug":"volets","status":"publish","type":"page","link":"https:\/\/www.safemenuiseries.fr\/index.php\/nos-produits\/volets\/","title":{"rendered":"Volets Roulants"},"content":{"rendered":"<p>&nbsp;<\/p>\n<p style=\"text-align: justify;\"><img decoding=\"async\" loading=\"lazy\" class=\"alignnone wp-image-682 size-full\" src=\"http:\/\/www.safemenuiseries.fr\/wp-content\/uploads\/2020\/04\/VR9-1.jpg\" alt=\"\" width=\"1024\" height=\"737\" srcset=\"https:\/\/www.safemenuiseries.fr\/wp-content\/uploads\/2020\/04\/VR9-1.jpg 1024w, https:\/\/www.safemenuiseries.fr\/wp-content\/uploads\/2020\/04\/VR9-1-300x216.jpg 300w, https:\/\/www.safemenuiseries.fr\/wp-content\/uploads\/2020\/04\/VR9-1-768x553.jpg 768w\" sizes=\"(max-width: 1024px) 100vw, 1024px\" \/><\/p>\n<p data-start=\"265\" data-end=\"413\">Le volet roulant est aujourd\u2019hui une solution incontournable pour am\u00e9liorer <strong data-start=\"341\" data-end=\"412\">le confort, la s\u00e9curit\u00e9 et la performance \u00e9nerg\u00e9tique d\u2019un logement<\/strong>.<\/p>\n<p data-start=\"415\" data-end=\"561\">Nous vous proposons des <strong data-start=\"457\" data-end=\"487\">volets roulants sur mesure<\/strong> adapt\u00e9s aussi bien aux projets de r\u00e9novation qu\u2019aux constructions neuves.<\/p>\n<p data-start=\"563\" data-end=\"605\">Les volets roulants permettent notamment :<\/p>\n<ul data-start=\"607\" data-end=\"795\">\n<li data-section-id=\"8oa4b4\" data-start=\"607\" data-end=\"664\">\n<p data-start=\"609\" data-end=\"664\">d\u2019am\u00e9liorer l\u2019isolation thermique de votre habitation<\/p>\n<\/li>\n<li data-section-id=\"up5xis\" data-start=\"665\" data-end=\"708\">\n<p data-start=\"667\" data-end=\"708\">de renforcer la s\u00e9curit\u00e9 des ouvertures<\/p>\n<\/li>\n<li data-section-id=\"q8khn9\" data-start=\"709\" data-end=\"751\">\n<p data-start=\"711\" data-end=\"751\">de r\u00e9guler la luminosit\u00e9 et la chaleur<\/p>\n<\/li>\n<li data-section-id=\"mtvhug\" data-start=\"752\" data-end=\"795\">\n<p data-start=\"754\" data-end=\"795\">d\u2019apporter plus de confort au quotidien<\/p>\n<\/li>\n<\/ul>\n<p data-start=\"797\" data-end=\"985\">L\u2019installation de volets roulants contribue \u00e9galement \u00e0 <strong data-start=\"853\" data-end=\"944\">r\u00e9duire les d\u00e9perditions thermiques et \u00e0 am\u00e9liorer l\u2019efficacit\u00e9 \u00e9nerg\u00e9tique du logement<\/strong>.<\/p>\n<p data-start=\"1036\" data-end=\"1115\">Afin de s\u2019adapter \u00e0 chaque projet, plusieurs types de volets roulants existent.<\/p>\n<h3 data-section-id=\"9ze2pb\" data-start=\"1117\" data-end=\"1146\"><\/h3>\n<p>&nbsp;<\/p>\n<h3 style=\"text-align: center;\" data-section-id=\"9ze2pb\" data-start=\"1117\" data-end=\"1146\">Volets roulants r\u00e9novation<\/h3>\n<p>&nbsp;<\/p>\n<p data-start=\"1148\" data-end=\"1262\">Les volets roulants r\u00e9novation sont install\u00e9s sur une fen\u00eatre existante sans modification importante de la fa\u00e7ade.<\/p>\n<p data-start=\"1264\" data-end=\"1290\">Ils permettent notamment :<\/p>\n<ul data-start=\"1292\" data-end=\"1438\">\n<li data-section-id=\"sqdtwr\" data-start=\"1292\" data-end=\"1335\">\n<p data-start=\"1294\" data-end=\"1335\">de moderniser des fermetures existantes<\/p>\n<\/li>\n<li data-section-id=\"id3s74\" data-start=\"1336\" data-end=\"1385\">\n<p data-start=\"1338\" data-end=\"1385\">d\u2019am\u00e9liorer l\u2019isolation thermique et phonique<\/p>\n<\/li>\n<li data-section-id=\"10k2qgd\" data-start=\"1386\" data-end=\"1438\">\n<p data-start=\"1388\" data-end=\"1438\">d\u2019ajouter une motorisation \u00e9lectrique ou solaire<\/p>\n<\/li>\n<\/ul>\n<p data-start=\"1440\" data-end=\"1624\">Les volets roulants r\u00e9novation peuvent \u00eatre install\u00e9s sur la plupart des habitations et s\u2019adaptent \u00e0 diff\u00e9rents types de baies et de dimensions.<\/p>\n<h3 data-section-id=\"1jv178i\" data-start=\"1631\" data-end=\"1658\"><\/h3>\n<p>&nbsp;<\/p>\n<h3 style=\"text-align: center;\" data-section-id=\"1jv178i\" data-start=\"1631\" data-end=\"1658\">Volets roulants solaires<\/h3>\n<p>&nbsp;<\/p>\n<p data-start=\"1660\" data-end=\"1780\">Les volets roulants solaires fonctionnent gr\u00e2ce \u00e0 un <strong data-start=\"1713\" data-end=\"1747\">panneau photovolta\u00efque int\u00e9gr\u00e9<\/strong> qui alimente le moteur du volet.<\/p>\n<p data-start=\"1782\" data-end=\"1818\">Ils pr\u00e9sentent plusieurs avantages :<\/p>\n<ul data-start=\"1820\" data-end=\"1999\">\n<li data-section-id=\"p84vf\" data-start=\"1820\" data-end=\"1869\">\n<p data-start=\"1822\" data-end=\"1869\">installation <strong data-start=\"1835\" data-end=\"1867\">sans raccordement \u00e9lectrique<\/strong><\/p>\n<\/li>\n<li data-section-id=\"mohxj\" data-start=\"1870\" data-end=\"1903\">\n<p data-start=\"1872\" data-end=\"1903\">solution id\u00e9ale en r\u00e9novation<\/p>\n<\/li>\n<li data-section-id=\"1di8u1j\" data-start=\"1904\" data-end=\"1945\">\n<p data-start=\"1906\" data-end=\"1945\">fonctionnement autonome et \u00e9cologique<\/p>\n<\/li>\n<li data-section-id=\"1gpgc9w\" data-start=\"1946\" data-end=\"1999\">\n<p data-start=\"1948\" data-end=\"1999\">pilotage radio et possibilit\u00e9 de maison connect\u00e9e<\/p>\n<\/li>\n<\/ul>\n<p data-start=\"2001\" data-end=\"2146\">Cette solution permet de moderniser une installation <strong data-start=\"2054\" data-end=\"2105\">sans r\u00e9aliser de travaux \u00e9lectriques importants<\/strong>.<\/p>\n<h3 data-section-id=\"1201x2h\" data-start=\"2153\" data-end=\"2213\"><\/h3>\n<p>&nbsp;<\/p>\n<h3 style=\"text-align: center;\" data-section-id=\"1201x2h\" data-start=\"2153\" data-end=\"2213\">Volets roulants pour isolation thermique ext\u00e9rieure (ITE)<\/h3>\n<p>&nbsp;<\/p>\n<p data-start=\"2215\" data-end=\"2380\">Dans le cadre de travaux d\u2019isolation thermique par l\u2019ext\u00e9rieur, il existe des volets roulants sp\u00e9cialement con\u00e7us pour \u00eatre <strong data-start=\"2339\" data-end=\"2379\">int\u00e9gr\u00e9s sous l\u2019isolant de la fa\u00e7ade<\/strong>.<\/p>\n<p data-start=\"2382\" data-end=\"2405\">Cette solution permet :<\/p>\n<ul data-start=\"2407\" data-end=\"2534\">\n<li data-section-id=\"k2bzjb\" data-start=\"2407\" data-end=\"2446\">\n<p data-start=\"2409\" data-end=\"2446\">une int\u00e9gration totalement discr\u00e8te<\/p>\n<\/li>\n<li data-section-id=\"1ct0r9u\" data-start=\"2447\" data-end=\"2495\">\n<p data-start=\"2449\" data-end=\"2495\">une am\u00e9lioration des performances thermiques<\/p>\n<\/li>\n<li data-section-id=\"1jicapm\" data-start=\"2496\" data-end=\"2534\">\n<p data-start=\"2498\" data-end=\"2534\">une r\u00e9duction des ponts thermiques<\/p>\n<\/li>\n<\/ul>\n<p data-start=\"2536\" data-end=\"2674\">Le volet roulant devient alors un \u00e9l\u00e9ment compl\u00e9mentaire de la r\u00e9novation \u00e9nerg\u00e9tique du logement.<\/p>\n<h3 data-section-id=\"1p71u0d\" data-start=\"2681\" data-end=\"2734\"><\/h3>\n<p>&nbsp;<\/p>\n<h3 style=\"text-align: center;\" data-section-id=\"1p71u0d\" data-start=\"2681\" data-end=\"2734\">Volets roulants traditionnels<\/h3>\n<p>&nbsp;<\/p>\n<p data-start=\"2736\" data-end=\"2897\">Les volets roulants peuvent \u00eatre <strong data-start=\"2800\" data-end=\"2837\">int\u00e9gr\u00e9s directement dans le b\u00e2ti<\/strong>, g\u00e9n\u00e9ralement dans un coffre situ\u00e9 au-dessus de la fen\u00eatre.<\/p>\n<p data-start=\"2899\" data-end=\"2922\">Cette solution permet :<\/p>\n<ul data-start=\"2924\" data-end=\"3029\">\n<li data-section-id=\"ixye54\" data-start=\"2924\" data-end=\"2964\">\n<p data-start=\"2926\" data-end=\"2964\">une int\u00e9gration totalement invisible<\/p>\n<\/li>\n<li data-section-id=\"htatzv\" data-start=\"2965\" data-end=\"2990\">\n<p data-start=\"2967\" data-end=\"2990\">une esth\u00e9tique \u00e9pur\u00e9e<\/p>\n<\/li>\n<li data-section-id=\"141er2f\" data-start=\"2991\" data-end=\"3029\">\n<p data-start=\"2993\" data-end=\"3029\">une performance thermique optimale<\/p>\n<\/li>\n<\/ul>\n<p data-start=\"3031\" data-end=\"3178\">Ces volets roulants sont particuli\u00e8rement adapt\u00e9s aux projets de maisons neuves ou aux r\u00e9novations lourdes.<\/p>\n<h3 data-section-id=\"1p09j22\" data-start=\"3185\" data-end=\"3216\"><\/h3>\n<h3 style=\"text-align: center;\" data-section-id=\"1p09j22\" data-start=\"3185\" data-end=\"3216\">Les diff\u00e9rents types de lames<\/h3>\n<p>&nbsp;<\/p>\n<p data-start=\"3218\" data-end=\"3306\">Les volets roulants peuvent \u00eatre \u00e9quip\u00e9s de plusieurs types de lames selon les besoins :<\/p>\n<p data-section-id=\"15be1er\" data-start=\"3308\" data-end=\"3340\"><strong>Lames aluminium double paroi<\/strong><\/p>\n<p data-start=\"3341\" data-end=\"3433\">Solution la plus courante, offrant un bon compromis entre solidit\u00e9, isolation et durabilit\u00e9.<\/p>\n<p data-section-id=\"1ou93w6\" data-start=\"3435\" data-end=\"3468\"><strong>Lames aluminium haute densit\u00e9<\/strong><\/p>\n<p data-start=\"3469\" data-end=\"3564\">Plus robustes, elles offrent une meilleure r\u00e9sistance aux chocs et aux tentatives d\u2019effraction.<\/p>\n<p data-section-id=\"mc8qvk\" data-start=\"3566\" data-end=\"3593\"><strong>Lames aluminium extrud\u00e9<\/strong><\/p>\n<p data-start=\"3594\" data-end=\"3679\">Solution particuli\u00e8rement r\u00e9sistante pour s\u00e9curiser les ouvertures les plus expos\u00e9es.<\/p>\n<p data-section-id=\"1nkci45\" data-start=\"3681\" data-end=\"3694\"><strong>Lames PVC<\/strong><\/p>\n<p data-start=\"3695\" data-end=\"3779\">Solution \u00e9conomique permettant d\u2019am\u00e9liorer l\u2019isolation thermique \u00e0 un co\u00fbt ma\u00eetris\u00e9.<\/p>\n<p>&nbsp;<\/p>\n<p style=\"text-align: center;\"><strong><a href=\"http:\/\/www.safemenuiseries.fr\/index.php\/nous-contacter\/\">DEMANDER UN DEVIS GRATUIT<\/a><\/strong><\/p>\n<p>&nbsp;<\/p>\n","protected":false},"excerpt":{"rendered":"<p>&nbsp; Le volet roulant est aujourd\u2019hui une solution incontournable pour am\u00e9liorer le confort, la s\u00e9curit\u00e9 et la performance \u00e9nerg\u00e9tique d\u2019un<\/p>\n","protected":false},"author":1,"featured_media":0,"parent":145,"menu_order":2,"comment_status":"closed","ping_status":"closed","template":"","meta":[],"_links":{"self":[{"href":"https:\/\/www.safemenuiseries.fr\/index.php\/wp-json\/wp\/v2\/pages\/160"}],"collection":[{"href":"https:\/\/www.safemenuiseries.fr\/index.php\/wp-json\/wp\/v2\/pages"}],"about":[{"href":"https:\/\/www.safemenuiseries.fr\/index.php\/wp-json\/wp\/v2\/types\/page"}],"author":[{"embeddable":true,"href":"https:\/\/www.safemenuiseries.fr\/index.php\/wp-json\/wp\/v2\/users\/1"}],"replies":[{"embeddable":true,"href":"https:\/\/www.safemenuiseries.fr\/index.php\/wp-json\/wp\/v2\/comments?post=160"}],"version-history":[{"count":24,"href":"https:\/\/www.safemenuiseries.fr\/index.php\/wp-json\/wp\/v2\/pages\/160\/revisions"}],"predecessor-version":[{"id":889,"href":"https:\/\/www.safemenuiseries.fr\/index.php\/wp-json\/wp\/v2\/pages\/160\/revisions\/889"}],"up":[{"embeddable":true,"href":"https:\/\/www.safemenuiseries.fr\/index.php\/wp-json\/wp\/v2\/pages\/145"}],"wp:attachment":[{"href":"https:\/\/www.safemenuiseries.fr\/index.php\/wp-json\/wp\/v2\/media?parent=160"}],"curies":[{"name":"wp","href":"https:\/\/api.w.org\/{rel}","templated":true}]}}