{"id":158,"date":"2017-02-24T13:18:01","date_gmt":"2017-02-24T12:18:01","guid":{"rendered":"http:\/\/www.safemenuiseries.fr\/?page_id=158"},"modified":"2026-03-13T19:13:03","modified_gmt":"2026-03-13T18:13:03","slug":"fenetres","status":"publish","type":"page","link":"https:\/\/www.safemenuiseries.fr\/index.php\/nos-produits\/fenetres\/","title":{"rendered":"Fen\u00eatres"},"content":{"rendered":"\r\n<p>&nbsp;<\/p>\r\n<p><img decoding=\"async\" loading=\"lazy\" class=\"aligncenter wp-image-390 \" src=\"http:\/\/www.safemenuiseries.fr\/wp-content\/uploads\/2020\/04\/fournier-2.jpg\" alt=\"\" width=\"960\" height=\"720\" srcset=\"https:\/\/www.safemenuiseries.fr\/wp-content\/uploads\/2020\/04\/fournier-2.jpg 960w, https:\/\/www.safemenuiseries.fr\/wp-content\/uploads\/2020\/04\/fournier-2-300x225.jpg 300w, https:\/\/www.safemenuiseries.fr\/wp-content\/uploads\/2020\/04\/fournier-2-768x576.jpg 768w\" sizes=\"(max-width: 960px) 100vw, 960px\" \/><\/p>\r\n<p>&nbsp;<\/p>\r\n<p style=\"text-align: justify;\">Au moment de remplacer ou de faire installer des fen\u00eatres, il faut prendre en compte que cette ouverture sur l\u2019ext\u00e9rieur aura de nombreuses r\u00e9percussions sur l\u2019int\u00e9rieur de votre habitation. Afin de vous aider \u00e0 faire votre choix, nous allons r\u00e9pondre aux questions les plus fr\u00e9quentes\u00a0:<\/p>\r\n<p>&nbsp;<\/p>\r\n\r\n\r\n\r\n<ul>\r\n<li><strong>QUEL MAT\u00c9RIAU CHOISIR ?<\/strong><\/li>\r\n<\/ul>\r\n\r\n\r\n\r\n<p style=\"text-align: justify;\">Le <a href=\"http:\/\/www.safemenuiseries.fr\/index.php\/nos-produits\/fenetres\/fenetres-bois\/\"><strong>Bois <\/strong><\/a>a longtemps \u00e9t\u00e9 le mat\u00e9riau privil\u00e9gi\u00e9 pour un remplacement de fen\u00eatres. Plus <strong>noble<\/strong>, il s\u2019int\u00e8gre facilement \u00e0 <strong>tous les types d\u2019habitations<\/strong>, qu\u2019elles soient <strong>traditionnelles<\/strong> ou <strong>contemporaines<\/strong>, tout en assurant une <strong>isolation thermique de grande qualit\u00e9.<\/strong> \u00a0S\u2019il reste une valeur sure et un produit haut de gamme, le bois est moins utilis\u00e9 ces derni\u00e8res ann\u00e9es car son prix est plus \u00e9lev\u00e9 que d\u2019autres mat\u00e9riaux et qu\u2019il n\u00e9cessite un entretien dans le temps. Il reste cependant conseill\u00e9 dans de nombreux cas.<\/p>\r\n\r\n\r\n\r\n<p style=\"text-align: justify;\">Les autres mat\u00e9riaux ont connu de nombreuses \u00e9volutions ces derni\u00e8res ann\u00e9es\u00a0:<\/p>\r\n\r\n\r\n\r\n<p style=\"text-align: justify;\">Si l\u2019<a href=\"http:\/\/www.safemenuiseries.fr\/index.php\/nos-produits\/fenetres\/fenetres-alu\/\"><strong>Aluminium<\/strong><\/a> n\u2019est pas un mat\u00e9riau isolant, les <strong>profil\u00e9s \u00e0 rupture de pont thermique<\/strong> lui permettent d\u2019am\u00e9liorer ce point et de <strong>se rapprocher des performances isolantes du <a href=\"http:\/\/www.safemenuiseries.fr\/index.php\/nos-produits\/fenetres\/fenetres-bois\/\">Bois<\/a> ou du <a href=\"http:\/\/www.safemenuiseries.fr\/index.php\/nos-produits\/fenetres\/fenetres-pvc\/\">PVC<\/a><\/strong>. La <strong>finesse<\/strong> des profil\u00e9s (notamment de la gamme \u00e0 ouvrants cach\u00e9s) permet de <strong>gagner en luminosit\u00e9<\/strong> et d\u2019\u00eatre \u00e0 la pointe niveau <strong>d\u00e9coration<\/strong>, tandis que sa <strong>r\u00e9sistance<\/strong> est id\u00e9ale pour les grandes baies vitr\u00e9es. L\u2019aluminium offre de nombreuses possibilit\u00e9s de <strong>personnalisation<\/strong> (formes, coloris) et est beaucoup plus <strong>adapt\u00e9 \u00e0 l\u2019ouverture coulissante<\/strong> que le Bois ou l\u2019Aluminium.<\/p>\r\n\r\n\r\n\r\n<p style=\"text-align: justify;\">Le <a href=\"http:\/\/www.safemenuiseries.fr\/index.php\/nos-produits\/fenetres\/fenetres-pvc\/\"><strong>PVC<\/strong><\/a>, auparavant consid\u00e9r\u00e9 comme un mat\u00e9riau de moindre qualit\u00e9, est aujourd\u2019hui plus <strong>r\u00e9sistant<\/strong>, plus <strong>isolant<\/strong> et plus fin qu\u2019autrefois, ce qui lui permet d\u2019\u00eatre \u00e9galement adapt\u00e9 \u00e0 <strong>tous styles d\u2019int\u00e9rieur<\/strong>. Il peut se d\u00e9cliner en de <strong>nombreuses formes et coloris<\/strong> (teintes imitations bois notamment), ne n\u00e9cessite que <strong>tr\u00e8s peu d\u2019entretien<\/strong> et est d\u00e9sormais <strong>respectueux de l\u2019environnement<\/strong>. Ces \u00e9volutions font du <strong><a href=\"http:\/\/www.safemenuiseries.fr\/index.php\/nos-produits\/fenetres\/fenetres-pvc\/\">PVC<\/a><\/strong> le mat\u00e9riau ayant <strong>le meilleur rapport qualit\u00e9\/prix<\/strong> et le plus utilis\u00e9 pour de la r\u00e9novation en r\u00e9gion parisienne de nos jours.<\/p>\r\n\r\n\r\n\r\n<p style=\"text-align: justify;\">D\u2019autres menuiseries, dites mixtes, vous permettent de b\u00e9n\u00e9ficier des avantages de plusieurs mat\u00e9riaux, comme l\u2019isolation du<a href=\"http:\/\/www.safemenuiseries.fr\/index.php\/nos-produits\/fenetres\/fenetres-bois\/\"><strong> Bois<\/strong> <\/a>(int\u00e9rieur) et la finesse de <strong>l\u2019<a href=\"http:\/\/www.safemenuiseries.fr\/index.php\/nos-produits\/fenetres\/fenetres-alu\/\">Aluminium<\/a><\/strong> (ext\u00e9rieur). Ces produits haut de gamme, sont adapt\u00e9es aux habitations modernes et aux b\u00e2timents basse consommation.<\/p>\r\n\r\n\r\n\r\n<p style=\"text-align: justify;\">Certaines copropri\u00e9t\u00e9s imposent des contraintes strictes sur le type de mat\u00e9riau et les configurations \u00e0 choisir lors d\u2019un remplacement de fen\u00eatres. Dans ce cas, la marge de man\u0153uvre est r\u00e9duite mais vous pourrez g\u00e9n\u00e9ralement d\u00e9cider de certaines options (type d\u2019ouverture, vitrage).<\/p>\r\n<p>&nbsp;<\/p>\r\n<ul>\r\n<li><strong>QUEL TYPE DE POSE CHOISIR ? <\/strong><\/li>\r\n<\/ul>\r\n<p>\r\n\r\n<\/p>\r\n\r\n\r\n\r\n<p style=\"text-align: justify;\">La pose en <strong>r\u00e9novation :<\/strong><\/p>\r\n\r\n\r\n\r\n<p style=\"text-align: justify;\">Lorsque l\u2019\u00e9tat du b\u00e2ti existant le permet, la pose en r\u00e9novation est dans la grande majorit\u00e9 des cas <strong>le meilleur compromis<\/strong>. Elle consiste \u00e0 d\u00e9poser les anciens ouvrants ainsi que leurs ferrures, et \u00e0 <strong>conserver le b\u00e2ti existant<\/strong>, recouvert \u00e0 l\u2019int\u00e9rieur par des ailes de recouvrement et \u00e0 l\u2019ext\u00e9rieur par des habillages si n\u00e9cessaire. Ce type de pose est <strong>plus rapide<\/strong> (et donc moins <strong>couteux<\/strong>) que la d\u00e9pose totale. Elle n\u2019engendre g\u00e9n\u00e9ralement <strong>aucun d\u00e9g\u00e2t <\/strong>sur les pourtours int\u00e9rieurs de la fen\u00eatre et donc aucune reprise de ma\u00e7onnerie, contrairement \u00e0 la pose en d\u00e9pose totale. Cependant, conserver le dormant existant engendre une perte de surface vitr\u00e9e et donc de luminosit\u00e9. Elle est donc d\u00e9conseill\u00e9e dans une minorit\u00e9 des cas, voire impossible en cas de dimensions tr\u00e8s r\u00e9duites ou selon le mat\u00e9riau existant.<\/p>\r\n\r\n\r\n\r\n<p style=\"text-align: justify;\">La pose en <strong>d\u00e9pose totale<\/strong> :<\/p>\r\n\r\n\r\n\r\n<p style=\"text-align: justify;\">La d\u00e9pose totale consiste \u00e0 remplacer la menuiserie existante compl\u00e8te (b\u00e2ti et ouvrants) et de reposer une nouvelle fen\u00eatre \u00e0 l\u2019identique selon la configuration de celle-ci. Elle peut se faire en feuillure, mais aussi en applique ou en tunnel selon la configuration, lorsque des travaux sont effectu\u00e9s sur les murs autour des fen\u00eatres ou dans le cas d\u2019une construction\/extension. Elle permet de <strong>ne pas perdre en luminosit\u00e9<\/strong>, mais est plus on\u00e9reuse et n\u00e9cessite des travaux compl\u00e9mentaires \u00e0 la charge du client. Elle peut \u00eatre d\u00e9conseill\u00e9e dans certains cas (pr\u00e9sence de tap\u00e9es de volets qui r\u00e9duisent d\u00e9j\u00e0 la luminosit\u00e9) voire impossible sans travaux effectu\u00e9s au pr\u00e9alable dans certains cas.<\/p>\r\n<p>&nbsp;<\/p>\r\n<ul>\r\n<li><strong>QUEL VITRAGE CHOISIR ? <\/strong><\/li>\r\n<\/ul>\r\n<p style=\"text-align: justify;\">Bien que le triple vitrage soit \u00e9galement adapt\u00e9 aux b\u00e2timents basse consommation (BBC) ou encore en cas de construction neuve, le <strong>double vitrage reste la norme actuelle<\/strong> et est g\u00e9n\u00e9ralement largement suffisant pour r\u00e9pondre aux besoins d\u2019une r\u00e9novation.<\/p>\r\n<p style=\"text-align: justify;\">C\u2019est pourquoi nous avons tendance \u00e0 conseiller au client ce type de vitrage, tout en \u00e9tant en mesure de vous fournir du triple vitrage sur demande.<\/p>\r\n<p style=\"text-align: justify;\">Le choix du double vitrage d\u00e9pendra \u00e9galement des <strong>besoins sp\u00e9cifiques<\/strong> de votre habitation mais aussi des pi\u00e8ces dans lesquelles vous comptez faire installer vos menuiseries.<\/p>\r\n<p style=\"text-align: justify;\">Il se compose g\u00e9n\u00e9ralement de 3 chiffres (par exemple 4\/20\/4, qui est le double vitrage de s\u00e9rie). Dans ce cas, le premier chiffre (4) indique, en millim\u00e8tre, l\u2019\u00e9paisseur du verre ext\u00e9rieur, le second chiffre (20) correspond \u00e0 la lame d\u2019air entre les deux vitrages tandis que le dernier chiffre, repr\u00e9sente l\u2019\u00e9paisseur du verre int\u00e9rieur.<\/p>\r\n<p style=\"text-align: justify;\">Selon vos besoins, ces \u00e9paisseurs peuvent varier afin que les doubles vitrages soient renforc\u00e9s, que ce soit au niveau de <strong>l\u2019isolation thermique<\/strong> et <strong>phonique<\/strong>, mais aussi <strong>contre l\u2019effraction<\/strong> ou plusieurs niveaux de s\u00e9curit\u00e9 existent.<\/p>\r\n<p style=\"text-align: justify;\">Vous pourrez \u00e9galement choisir des motifs <strong>imprim\u00e9s<\/strong> afin par exemple de conserver <strong>l\u2019intimit\u00e9 d\u2019une pi\u00e8ce<\/strong>.<\/p>\r\n<p style=\"text-align: justify;\">\u00a0<\/p>\r\n<ul style=\"text-align: justify;\">\r\n<li><strong>QUEL TYPE D&rsquo;OUVERTURE CHOISIR ?<br \/><\/strong><\/li>\r\n<\/ul>\r\n<p style=\"text-align: justify;\">L\u2019ouverture dite <strong>\u00ab\u00a0\u00e0 la fran\u00e7aise\u00a0\u00bb<\/strong> demeure la norme dans la grande majorit\u00e9 des cas. Cette ouverture des battants vers l\u2019int\u00e9rieur permet une <strong>a\u00e9ration importante<\/strong> de la pi\u00e8ce tout en rendant possible son <strong>entretien par l\u2019ext\u00e9rieur<\/strong>. C\u2019est le type d\u2019ouverture que nous pr\u00e9conisons lorsqu\u2019aucun objet ne g\u00eane son ouverture et d\u00e8s lors que les dimensions sont adapt\u00e9es. A cette ouverture peut se rajouter une option oscillo-battante qui vous permettra d\u2019ouvrir la fen\u00eatre en partie haute, id\u00e9ale pour remplacer un ancien ch\u00e2ssis basculant par exemple.<\/p>\r\n<p style=\"text-align: justify;\">Dans certains cas, selon les dimensions et l\u2019utilisation, une ouverture n\u2019est pas n\u00e9cessaire. Un ch\u00e2ssis fixe, muni d\u2019une a\u00e9ration en partie haute (obligatoire sur une menuiserie en cas d\u2019absence de VMC dans l\u2019habitation) peut \u00eatre la solution.<\/p>\r\n<p style=\"text-align: justify;\">L\u2019ouverture \u00e0 soufflet, uniquement en partie haute est elle adapt\u00e9e pour les fen\u00eatres de type sous-sol.<\/p>\r\n<p style=\"text-align: justify;\">Enfin, les ouvertures coulissantes ou \u00e0 galandage offrent de <strong>grandes possibilit\u00e9s d\u2019ouverture<\/strong> <strong>sans avoir de contrainte \u00e0 l\u2019int\u00e9rieur<\/strong>. A la mode ces derni\u00e8res ann\u00e9es, elles sont adapt\u00e9es aux grandes baies vitr\u00e9es mais pr\u00e9sentent \u00e9galement quelques inconv\u00e9nients selon leur configuration (isolation moindre, entretien par l&rsquo;ext\u00e9rieur).<\/p>\r\n<p>&nbsp;<\/p>\r\n<p style=\"text-align: center;\"><strong><a href=\"http:\/\/www.safemenuiseries.fr\/index.php\/nous-contacter\/\">DEMANDER UN DEVIS GRATUIT<\/a><\/strong><\/p>\r\n<p>&nbsp;<\/p>\r\n\r\n\r\n\r\n\r\n\r\n\r\n\r\n<figure class=\"wp-block-image size-large is-resized\"><\/figure>\r\n\r\n\r\n\r\n\r\n\r\n<figure class=\"wp-block-image size-large is-resized\"><\/figure>\r\n","protected":false},"excerpt":{"rendered":"<p>&nbsp; &nbsp; Au moment de remplacer ou de faire installer des fen\u00eatres, il faut prendre en compte que cette ouverture<\/p>\n","protected":false},"author":1,"featured_media":0,"parent":145,"menu_order":1,"comment_status":"closed","ping_status":"closed","template":"","meta":[],"_links":{"self":[{"href":"https:\/\/www.safemenuiseries.fr\/index.php\/wp-json\/wp\/v2\/pages\/158"}],"collection":[{"href":"https:\/\/www.safemenuiseries.fr\/index.php\/wp-json\/wp\/v2\/pages"}],"about":[{"href":"https:\/\/www.safemenuiseries.fr\/index.php\/wp-json\/wp\/v2\/types\/page"}],"author":[{"embeddable":true,"href":"https:\/\/www.safemenuiseries.fr\/index.php\/wp-json\/wp\/v2\/users\/1"}],"replies":[{"embeddable":true,"href":"https:\/\/www.safemenuiseries.fr\/index.php\/wp-json\/wp\/v2\/comments?post=158"}],"version-history":[{"count":38,"href":"https:\/\/www.safemenuiseries.fr\/index.php\/wp-json\/wp\/v2\/pages\/158\/revisions"}],"predecessor-version":[{"id":967,"href":"https:\/\/www.safemenuiseries.fr\/index.php\/wp-json\/wp\/v2\/pages\/158\/revisions\/967"}],"up":[{"embeddable":true,"href":"https:\/\/www.safemenuiseries.fr\/index.php\/wp-json\/wp\/v2\/pages\/145"}],"wp:attachment":[{"href":"https:\/\/www.safemenuiseries.fr\/index.php\/wp-json\/wp\/v2\/media?parent=158"}],"curies":[{"name":"wp","href":"https:\/\/api.w.org\/{rel}","templated":true}]}}