{"id":147,"date":"2017-02-24T13:07:58","date_gmt":"2017-02-24T12:07:58","guid":{"rendered":"http:\/\/www.safemenuiseries.fr\/?page_id=147"},"modified":"2020-04-30T21:58:52","modified_gmt":"2020-04-30T19:58:52","slug":"nos-realisations","status":"publish","type":"page","link":"https:\/\/www.safemenuiseries.fr\/index.php\/nos-realisations\/","title":{"rendered":"Nos r\u00e9alisations"},"content":{"rendered":"<p>&nbsp;<\/p>\n<p><strong>Fen\u00eatres PVC<\/strong><\/p>\n<p><a href=\"http:\/\/www.safemenuiseries.fr\/index.php\/nos-realisations\/fenetres-pvc\/\"><img decoding=\"async\" loading=\"lazy\" class=\" wp-image-698\" src=\"http:\/\/www.safemenuiseries.fr\/wp-content\/uploads\/2020\/04\/Cintr\u00e9-1_1-3-226x300.jpg\" alt=\"\" width=\"164\" height=\"218\" srcset=\"https:\/\/www.safemenuiseries.fr\/wp-content\/uploads\/2020\/04\/Cintr\u00e9-1_1-3-226x300.jpg 226w, https:\/\/www.safemenuiseries.fr\/wp-content\/uploads\/2020\/04\/Cintr\u00e9-1_1-3-770x1024.jpg 770w, https:\/\/www.safemenuiseries.fr\/wp-content\/uploads\/2020\/04\/Cintr\u00e9-1_1-3-768x1021.jpg 768w, https:\/\/www.safemenuiseries.fr\/wp-content\/uploads\/2020\/04\/Cintr\u00e9-1_1-3.jpg 1000w\" sizes=\"(max-width: 164px) 100vw, 164px\" \/><\/a><\/p>\n<p><strong>Fen\u00eatres ALU<\/strong><\/p>\n<p><img decoding=\"async\" loading=\"lazy\" class=\" wp-image-697\" src=\"http:\/\/www.safemenuiseries.fr\/wp-content\/uploads\/2020\/04\/ALU8_1-1-225x300.jpg\" alt=\"\" width=\"164\" height=\"219\" srcset=\"https:\/\/www.safemenuiseries.fr\/wp-content\/uploads\/2020\/04\/ALU8_1-1-225x300.jpg 225w, https:\/\/www.safemenuiseries.fr\/wp-content\/uploads\/2020\/04\/ALU8_1-1-768x1024.jpg 768w, https:\/\/www.safemenuiseries.fr\/wp-content\/uploads\/2020\/04\/ALU8_1-1.jpg 1000w\" sizes=\"(max-width: 164px) 100vw, 164px\" \/><\/p>\n<p><strong>Fen\u00eatres Bois<\/strong><\/p>\n<p><a href=\"http:\/\/www.safemenuiseries.fr\/index.php\/nos-realisations\/fenetres-bois\/\"><img decoding=\"async\" loading=\"lazy\" class=\" wp-image-699\" src=\"http:\/\/www.safemenuiseries.fr\/wp-content\/uploads\/2020\/04\/Fen\u00eatres-SAFE-PIERRARD2_1-225x300.jpg\" alt=\"\" width=\"164\" height=\"219\" srcset=\"https:\/\/www.safemenuiseries.fr\/wp-content\/uploads\/2020\/04\/Fen\u00eatres-SAFE-PIERRARD2_1-225x300.jpg 225w, https:\/\/www.safemenuiseries.fr\/wp-content\/uploads\/2020\/04\/Fen\u00eatres-SAFE-PIERRARD2_1-768x1024.jpg 768w, https:\/\/www.safemenuiseries.fr\/wp-content\/uploads\/2020\/04\/Fen\u00eatres-SAFE-PIERRARD2_1.jpg 1000w\" sizes=\"(max-width: 164px) 100vw, 164px\" \/><\/a><\/p>\n<p><strong>Portes<\/strong><\/p>\n<p><a href=\"http:\/\/www.safemenuiseries.fr\/index.php\/nos-realisations\/portes\/\"><img decoding=\"async\" loading=\"lazy\" class=\" wp-image-702\" src=\"http:\/\/www.safemenuiseries.fr\/wp-content\/uploads\/2020\/04\/PORTE_1-1-225x300.jpg\" alt=\"\" width=\"164\" height=\"219\" srcset=\"https:\/\/www.safemenuiseries.fr\/wp-content\/uploads\/2020\/04\/PORTE_1-1-225x300.jpg 225w, https:\/\/www.safemenuiseries.fr\/wp-content\/uploads\/2020\/04\/PORTE_1-1-768x1024.jpg 768w, https:\/\/www.safemenuiseries.fr\/wp-content\/uploads\/2020\/04\/PORTE_1-1.jpg 975w\" sizes=\"(max-width: 164px) 100vw, 164px\" \/><\/a><\/p>\n<p><strong>Volets<\/strong><\/p>\n<p><a href=\"http:\/\/www.safemenuiseries.fr\/index.php\/nos-realisations\/volets\/\"><img decoding=\"async\" loading=\"lazy\" class=\" wp-image-700\" src=\"http:\/\/www.safemenuiseries.fr\/wp-content\/uploads\/2020\/04\/IMG_E4061_1-225x300.jpg\" alt=\"\" width=\"164\" height=\"219\" srcset=\"https:\/\/www.safemenuiseries.fr\/wp-content\/uploads\/2020\/04\/IMG_E4061_1-225x300.jpg 225w, https:\/\/www.safemenuiseries.fr\/wp-content\/uploads\/2020\/04\/IMG_E4061_1-769x1024.jpg 769w, https:\/\/www.safemenuiseries.fr\/wp-content\/uploads\/2020\/04\/IMG_E4061_1-768x1023.jpg 768w, https:\/\/www.safemenuiseries.fr\/wp-content\/uploads\/2020\/04\/IMG_E4061_1.jpg 1000w\" sizes=\"(max-width: 164px) 100vw, 164px\" \/><\/a><\/p>\n<p>&nbsp;<\/p>\n","protected":false},"excerpt":{"rendered":"<p>&nbsp; Fen\u00eatres PVC Fen\u00eatres ALU Fen\u00eatres Bois Portes Volets &nbsp;<\/p>\n","protected":false},"author":1,"featured_media":0,"parent":0,"menu_order":3,"comment_status":"closed","ping_status":"closed","template":"","meta":[],"_links":{"self":[{"href":"https:\/\/www.safemenuiseries.fr\/index.php\/wp-json\/wp\/v2\/pages\/147"}],"collection":[{"href":"https:\/\/www.safemenuiseries.fr\/index.php\/wp-json\/wp\/v2\/pages"}],"about":[{"href":"https:\/\/www.safemenuiseries.fr\/index.php\/wp-json\/wp\/v2\/types\/page"}],"author":[{"embeddable":true,"href":"https:\/\/www.safemenuiseries.fr\/index.php\/wp-json\/wp\/v2\/users\/1"}],"replies":[{"embeddable":true,"href":"https:\/\/www.safemenuiseries.fr\/index.php\/wp-json\/wp\/v2\/comments?post=147"}],"version-history":[{"count":15,"href":"https:\/\/www.safemenuiseries.fr\/index.php\/wp-json\/wp\/v2\/pages\/147\/revisions"}],"predecessor-version":[{"id":711,"href":"https:\/\/www.safemenuiseries.fr\/index.php\/wp-json\/wp\/v2\/pages\/147\/revisions\/711"}],"wp:attachment":[{"href":"https:\/\/www.safemenuiseries.fr\/index.php\/wp-json\/wp\/v2\/media?parent=147"}],"curies":[{"name":"wp","href":"https:\/\/api.w.org\/{rel}","templated":true}]}}